{"id":3221,"date":"2021-12-07T15:20:23","date_gmt":"2021-12-07T15:20:23","guid":{"rendered":"http:\/\/dogaltasmozaik.moodscamper.com\/?page_id=3221"},"modified":"2021-12-07T15:20:48","modified_gmt":"2021-12-07T15:20:48","slug":"yuzey-patlatma-kup-mozaikler","status":"publish","type":"page","link":"http:\/\/dogaltasmozaik.moodscamper.com\/?page_id=3221","title":{"rendered":"Y\u00dcZEY PATLATMA K\u00dcP MOZA\u0130KLER"},"content":{"rendered":"<p>[vc_row rt_row_background_width=&#8221;default&#8221; rt_row_style=&#8221;default-style&#8221; rt_row_borders=&#8221;&#8221; rt_row_paddings=&#8221;true&#8221; rt_bg_effect=&#8221;classic&#8221; rt_bg_image_repeat=&#8221;repeat&#8221; rt_bg_size=&#8221;cover&#8221; rt_bg_position=&#8221;right top&#8221; rt_bg_attachment=&#8221;scroll&#8221; rt_bg_video_format=&#8221;self-hosted&#8221;][vc_column rt_wrp_col_paddings=&#8221;false&#8221; rt_border_top=&#8221;&#8221; rt_border_bottom=&#8221;&#8221; rt_border_left=&#8221;&#8221; rt_border_right=&#8221;&#8221; rt_border_top_mobile=&#8221;&#8221; rt_border_bottom_mobile=&#8221;&#8221; rt_border_left_mobile=&#8221;&#8221; rt_border_right_mobile=&#8221;&#8221; rt_bg_image_repeat=&#8221;repeat&#8221; rt_bg_size=&#8221;auto auto&#8221; rt_bg_position=&#8221;right top&#8221; rt_bg_attachment=&#8221;scroll&#8221;]<div class=\"woocommerce columns-6 \"><\/div>[\/vc_column][\/vc_row][vc_row rt_row_background_width=&#8221;default&#8221; rt_row_style=&#8221;default-style&#8221; rt_row_borders=&#8221;&#8221; rt_row_paddings=&#8221;true&#8221; rt_bg_effect=&#8221;classic&#8221; rt_bg_image_repeat=&#8221;repeat&#8221; rt_bg_size=&#8221;cover&#8221; rt_bg_position=&#8221;right top&#8221; rt_bg_attachment=&#8221;scroll&#8221; rt_bg_video_format=&#8221;self-hosted&#8221;][vc_column rt_wrp_col_paddings=&#8221;false&#8221; rt_border_top=&#8221;&#8221; rt_border_bottom=&#8221;&#8221; rt_border_left=&#8221;&#8221; rt_border_right=&#8221;&#8221; rt_border_top_mobile=&#8221;&#8221; rt_border_bottom_mobile=&#8221;&#8221; rt_border_left_mobile=&#8221;&#8221; rt_border_right_mobile=&#8221;&#8221; rt_bg_image_repeat=&#8221;repeat&#8221; rt_bg_size=&#8221;auto auto&#8221; rt_bg_position=&#8221;right top&#8221; rt_bg_attachment=&#8221;scroll&#8221;]<div class=\"woocommerce columns-4 \"><div class=\"product_holder clearfix border_grid fixed_heights woocommerce\"> \n<div class=\"row clearfix\">\n<div class=\"first last  col col-sm-3 post-3104 product type-product status-publish has-post-thumbnail product_cat-eskitme-tumbled instock shipping-taxable product-type-simple\">\n\n\t<div class=\"product_item_holder\">\n\t\t\n\t\t\t<div class=\"featured_image\"><a href=\"http:\/\/dogaltasmozaik.moodscamper.com\/?product=classic-trv-tumbled\" class=\"imgeffect link\"><img src=\"http:\/\/dogaltasmozaik.moodscamper.com\/wp-content\/uploads\/2021\/09\/list_12x-set-classic-trv-tumbled.jpg\" alt=\"\" class=\"\" \/><\/a><\/div>\n\t\t\t<div class=\"product_info\">\n\t\t\t\t<h5 class=\"clean_heading\"><a href=\"http:\/\/dogaltasmozaik.moodscamper.com\/?product=classic-trv-tumbled\">classic trv tumbled<\/a><\/h5>\n\n\t\t\t\t<div class=\"product_info_footer clearfix\">\n\t\t\t\t<a href=\"http:\/\/dogaltasmozaik.moodscamper.com\/?product=classic-trv-tumbled\" data-quantity=\"1\" class=\"button product_type_simple\" data-product_id=\"3104\" data-product_sku=\"\" aria-label=\"&ldquo;classic trv tumbled&rdquo; hakk\u0131nda daha fazla bilgi edinin\" rel=\"nofollow\">Devam\u0131n\u0131 oku<\/a>\t\t\t\t<\/div>\n\n\t\t\t<\/div> \n\t\t\t\t    <a id=\"sendbtn\" href=\"https:\/\/web.whatsapp.com\/send?phone=905324616205&text=Merhaba%2C+bu+%C3%BCr%C3%BCn%C3%BC+sat%C4%B1n+almak+istiyorum+%3B%0D%0A%0D%0A*classic+trv+tumbled*%0A*Fiyat:*%20&#8378;&nbsp;0,00%0A*URL:*%20http%3A%2F%2Fdogaltasmozaik.moodscamper.com%2F%3Fproduct%3Dclassic-trv-tumbled%0D%0A%0D%0A%C5%9Fimdiden+te%C5%9Fekk%C3%BCr+ederim..\" title=\"Complete order on WhatsApp to buy classic trv tumbled\" target=\"_blank\" class=\"button add_to_cart_button wa-shop-button product_type_simple\">\r\n\t\t    \tWhatsapp yolu ile sat\u0131n al\t\t    <\/a>\r\n\t    \t\t\t\n\t<\/div>\n\n<\/div>\n\n\n\n<div class=\" col col-sm-3 post-3101 product type-product status-publish has-post-thumbnail product_cat-antik-tugla-ve-kultur-taslari-category-6 instock shipping-taxable product-type-simple\">\n\n\t<div class=\"product_item_holder\">\n\t\t\n\t\t\t<div class=\"featured_image\"><a href=\"http:\/\/dogaltasmozaik.moodscamper.com\/?product=atlas-duzensiz\" class=\"imgeffect link\"><img src=\"http:\/\/dogaltasmozaik.moodscamper.com\/wp-content\/uploads\/2021\/09\/list_Atlas-Duzensiz.jpg\" alt=\"\" class=\"\" \/><\/a><\/div>\n\t\t\t<div class=\"product_info\">\n\t\t\t\t<h5 class=\"clean_heading\"><a href=\"http:\/\/dogaltasmozaik.moodscamper.com\/?product=atlas-duzensiz\">Atlas D\u00fczensiz<\/a><\/h5>\n\n\t\t\t\t<div class=\"product_info_footer clearfix\">\n\t\t\t\t<a href=\"http:\/\/dogaltasmozaik.moodscamper.com\/?product=atlas-duzensiz\" data-quantity=\"1\" class=\"button product_type_simple\" data-product_id=\"3101\" data-product_sku=\"\" aria-label=\"&ldquo;Atlas D\u00fczensiz&rdquo; hakk\u0131nda daha fazla bilgi edinin\" rel=\"nofollow\">Devam\u0131n\u0131 oku<\/a>\t\t\t\t<\/div>\n\n\t\t\t<\/div> \n\t\t\t\t    <a id=\"sendbtn\" href=\"https:\/\/web.whatsapp.com\/send?phone=905324616205&text=Merhaba%2C+bu+%C3%BCr%C3%BCn%C3%BC+sat%C4%B1n+almak+istiyorum+%3B%0D%0A%0D%0A*Atlas+D%C3%BCzensiz*%0A*Fiyat:*%20&#8378;&nbsp;0,00%0A*URL:*%20http%3A%2F%2Fdogaltasmozaik.moodscamper.com%2F%3Fproduct%3Datlas-duzensiz%0D%0A%0D%0A%C5%9Fimdiden+te%C5%9Fekk%C3%BCr+ederim..\" title=\"Complete order on WhatsApp to buy Atlas D\u00fczensiz\" target=\"_blank\" class=\"button add_to_cart_button wa-shop-button product_type_simple\">\r\n\t\t    \tWhatsapp yolu ile sat\u0131n al\t\t    <\/a>\r\n\t    \t\t\t\n\t<\/div>\n\n<\/div>\n\n\n\n<div class=\" col col-sm-3 post-3099 product type-product status-publish has-post-thumbnail product_cat-yer-duvar-doseme-category-5 instock shipping-taxable product-type-simple\">\n\n\t<div class=\"product_item_holder\">\n\t\t\n\t\t\t<div class=\"featured_image\"><a href=\"http:\/\/dogaltasmozaik.moodscamper.com\/?product=mix-walnut-filled-honed\" class=\"imgeffect link\"><img src=\"http:\/\/dogaltasmozaik.moodscamper.com\/wp-content\/uploads\/2021\/09\/list_Mix-Walnut-Filled-Honed.jpg\" alt=\"\" class=\"\" \/><\/a><\/div>\n\t\t\t<div class=\"product_info\">\n\t\t\t\t<h5 class=\"clean_heading\"><a href=\"http:\/\/dogaltasmozaik.moodscamper.com\/?product=mix-walnut-filled-honed\">Mix Walnut Filled Honed<\/a><\/h5>\n\n\t\t\t\t<div class=\"product_info_footer clearfix\">\n\t\t\t\t<a href=\"http:\/\/dogaltasmozaik.moodscamper.com\/?product=mix-walnut-filled-honed\" data-quantity=\"1\" class=\"button product_type_simple\" data-product_id=\"3099\" data-product_sku=\"\" aria-label=\"&ldquo;Mix Walnut Filled Honed&rdquo; hakk\u0131nda daha fazla bilgi edinin\" rel=\"nofollow\">Devam\u0131n\u0131 oku<\/a>\t\t\t\t<\/div>\n\n\t\t\t<\/div> \n\t\t\t\t    <a id=\"sendbtn\" href=\"https:\/\/web.whatsapp.com\/send?phone=905324616205&text=Merhaba%2C+bu+%C3%BCr%C3%BCn%C3%BC+sat%C4%B1n+almak+istiyorum+%3B%0D%0A%0D%0A*Mix+Walnut+Filled+Honed*%0A*Fiyat:*%20&#8378;&nbsp;0,00%0A*URL:*%20http%3A%2F%2Fdogaltasmozaik.moodscamper.com%2F%3Fproduct%3Dmix-walnut-filled-honed%0D%0A%0D%0A%C5%9Fimdiden+te%C5%9Fekk%C3%BCr+ederim..\" title=\"Complete order on WhatsApp to buy Mix Walnut Filled Honed\" target=\"_blank\" class=\"button add_to_cart_button wa-shop-button product_type_simple\">\r\n\t\t    \tWhatsapp yolu ile sat\u0131n al\t\t    <\/a>\r\n\t    \t\t\t\n\t<\/div>\n\n<\/div>\n\n\n\n<div class=\" col col-sm-3 post-3097 product type-product status-publish has-post-thumbnail product_cat-barbeku-category-4 last instock shipping-taxable product-type-simple\">\n\n\t<div class=\"product_item_holder\">\n\t\t\n\t\t\t<div class=\"featured_image\"><a href=\"http:\/\/dogaltasmozaik.moodscamper.com\/?product=barbeku-1\" class=\"imgeffect link\"><img src=\"http:\/\/dogaltasmozaik.moodscamper.com\/wp-content\/uploads\/2021\/09\/list_Barbeku.jpg\" alt=\"\" class=\"\" \/><\/a><\/div>\n\t\t\t<div class=\"product_info\">\n\t\t\t\t<h5 class=\"clean_heading\"><a href=\"http:\/\/dogaltasmozaik.moodscamper.com\/?product=barbeku-1\">Barbek\u00fc 1<\/a><\/h5>\n\n\t\t\t\t<div class=\"product_info_footer clearfix\">\n\t\t\t\t<a href=\"http:\/\/dogaltasmozaik.moodscamper.com\/?product=barbeku-1\" data-quantity=\"1\" class=\"button product_type_simple\" data-product_id=\"3097\" data-product_sku=\"\" aria-label=\"&ldquo;Barbek\u00fc 1&rdquo; hakk\u0131nda daha fazla bilgi edinin\" rel=\"nofollow\">Devam\u0131n\u0131 oku<\/a>\t\t\t\t<\/div>\n\n\t\t\t<\/div> \n\t\t\t\t    <a id=\"sendbtn\" href=\"https:\/\/web.whatsapp.com\/send?phone=905324616205&text=Merhaba%2C+bu+%C3%BCr%C3%BCn%C3%BC+sat%C4%B1n+almak+istiyorum+%3B%0D%0A%0D%0A*Barbek%C3%BC+1*%0A*Fiyat:*%20&#8378;&nbsp;0,00%0A*URL:*%20http%3A%2F%2Fdogaltasmozaik.moodscamper.com%2F%3Fproduct%3Dbarbeku-1%0D%0A%0D%0A%C5%9Fimdiden+te%C5%9Fekk%C3%BCr+ederim..\" title=\"Complete order on WhatsApp to buy Barbek\u00fc 1\" target=\"_blank\" class=\"button add_to_cart_button wa-shop-button product_type_simple\">\r\n\t\t    \tWhatsapp yolu ile sat\u0131n al\t\t    <\/a>\r\n\t    \t\t\t\n\t<\/div>\n\n<\/div>\n\n\n<\/div><!-- \/ end .row --><div class=\"row clearfix\">\n<div class=\"first last  col col-sm-3 post-3095 product type-product status-publish has-post-thumbnail product_cat-patlatma-taslar-category-3 instock shipping-taxable product-type-simple\">\n\n\t<div class=\"product_item_holder\">\n\t\t\n\t\t\t<div class=\"featured_image\"><a href=\"http:\/\/dogaltasmozaik.moodscamper.com\/?product=list_klasik-trv-mix-10xboy-serbest\" class=\"imgeffect link\"><img src=\"http:\/\/dogaltasmozaik.moodscamper.com\/wp-content\/uploads\/2021\/09\/list_klasik-trv-mix-10xboy-serbest.jpeg\" alt=\"\" class=\"\" \/><\/a><\/div>\n\t\t\t<div class=\"product_info\">\n\t\t\t\t<h5 class=\"clean_heading\"><a href=\"http:\/\/dogaltasmozaik.moodscamper.com\/?product=list_klasik-trv-mix-10xboy-serbest\">list_klasik trv mix 10xboy serbest<\/a><\/h5>\n\n\t\t\t\t<div class=\"product_info_footer clearfix\">\n\t\t\t\t<a href=\"http:\/\/dogaltasmozaik.moodscamper.com\/?product=list_klasik-trv-mix-10xboy-serbest\" data-quantity=\"1\" class=\"button product_type_simple\" data-product_id=\"3095\" data-product_sku=\"\" aria-label=\"&ldquo;list_klasik trv mix 10xboy serbest&rdquo; hakk\u0131nda daha fazla bilgi edinin\" rel=\"nofollow\">Devam\u0131n\u0131 oku<\/a>\t\t\t\t<\/div>\n\n\t\t\t<\/div> \n\t\t\t\t    <a id=\"sendbtn\" href=\"https:\/\/web.whatsapp.com\/send?phone=905324616205&text=Merhaba%2C+bu+%C3%BCr%C3%BCn%C3%BC+sat%C4%B1n+almak+istiyorum+%3B%0D%0A%0D%0A*list_klasik+trv+mix+10xboy+serbest*%0A*Fiyat:*%20&#8378;&nbsp;0,00%0A*URL:*%20http%3A%2F%2Fdogaltasmozaik.moodscamper.com%2F%3Fproduct%3Dlist_klasik-trv-mix-10xboy-serbest%0D%0A%0D%0A%C5%9Fimdiden+te%C5%9Fekk%C3%BCr+ederim..\" title=\"Complete order on WhatsApp to buy list_klasik trv mix 10xboy serbest\" target=\"_blank\" class=\"button add_to_cart_button wa-shop-button product_type_simple\">\r\n\t\t    \tWhatsapp yolu ile sat\u0131n al\t\t    <\/a>\r\n\t    \t\t\t\n\t<\/div>\n\n<\/div>\n\n\n\n<div class=\" col col-sm-3 post-3093 product type-product status-publish has-post-thumbnail product_cat-kayrak-category-2 instock shipping-taxable product-type-simple\">\n\n\t<div class=\"product_item_holder\">\n\t\t\n\t\t\t<div class=\"featured_image\"><a href=\"http:\/\/dogaltasmozaik.moodscamper.com\/?product=kayrak-3\" class=\"imgeffect link\"><img src=\"http:\/\/dogaltasmozaik.moodscamper.com\/wp-content\/uploads\/2021\/09\/list_Kayrak-3.jpg\" alt=\"\" class=\"\" \/><\/a><\/div>\n\t\t\t<div class=\"product_info\">\n\t\t\t\t<h5 class=\"clean_heading\"><a href=\"http:\/\/dogaltasmozaik.moodscamper.com\/?product=kayrak-3\">Kayrak 3<\/a><\/h5>\n\n\t\t\t\t<div class=\"product_info_footer clearfix\">\n\t\t\t\t<a href=\"http:\/\/dogaltasmozaik.moodscamper.com\/?product=kayrak-3\" data-quantity=\"1\" class=\"button product_type_simple\" data-product_id=\"3093\" data-product_sku=\"\" aria-label=\"&ldquo;Kayrak 3&rdquo; hakk\u0131nda daha fazla bilgi edinin\" rel=\"nofollow\">Devam\u0131n\u0131 oku<\/a>\t\t\t\t<\/div>\n\n\t\t\t<\/div> \n\t\t\t\t    <a id=\"sendbtn\" href=\"https:\/\/web.whatsapp.com\/send?phone=905324616205&text=Merhaba%2C+bu+%C3%BCr%C3%BCn%C3%BC+sat%C4%B1n+almak+istiyorum+%3B%0D%0A%0D%0A*Kayrak+3*%0A*Fiyat:*%20&#8378;&nbsp;0,00%0A*URL:*%20http%3A%2F%2Fdogaltasmozaik.moodscamper.com%2F%3Fproduct%3Dkayrak-3%0D%0A%0D%0A%C5%9Fimdiden+te%C5%9Fekk%C3%BCr+ederim..\" title=\"Complete order on WhatsApp to buy Kayrak 3\" target=\"_blank\" class=\"button add_to_cart_button wa-shop-button product_type_simple\">\r\n\t\t    \tWhatsapp yolu ile sat\u0131n al\t\t    <\/a>\r\n\t    \t\t\t\n\t<\/div>\n\n<\/div>\n\n\n\n<div class=\" col col-sm-3 post-3090 product type-product status-publish has-post-thumbnail product_cat-kayrak-category-2 instock shipping-taxable product-type-simple\">\n\n\t<div class=\"product_item_holder\">\n\t\t\n\t\t\t<div class=\"featured_image\"><a href=\"http:\/\/dogaltasmozaik.moodscamper.com\/?product=kayrak-2\" class=\"imgeffect link\"><img src=\"http:\/\/dogaltasmozaik.moodscamper.com\/wp-content\/uploads\/2021\/09\/list_Kayrak-2.jpg\" alt=\"\" class=\"\" \/><\/a><\/div>\n\t\t\t<div class=\"product_info\">\n\t\t\t\t<h5 class=\"clean_heading\"><a href=\"http:\/\/dogaltasmozaik.moodscamper.com\/?product=kayrak-2\">Kayrak 2<\/a><\/h5>\n\n\t\t\t\t<div class=\"product_info_footer clearfix\">\n\t\t\t\t<a href=\"http:\/\/dogaltasmozaik.moodscamper.com\/?product=kayrak-2\" data-quantity=\"1\" class=\"button product_type_simple\" data-product_id=\"3090\" data-product_sku=\"\" aria-label=\"&ldquo;Kayrak 2&rdquo; hakk\u0131nda daha fazla bilgi edinin\" rel=\"nofollow\">Devam\u0131n\u0131 oku<\/a>\t\t\t\t<\/div>\n\n\t\t\t<\/div> \n\t\t\t\t    <a id=\"sendbtn\" href=\"https:\/\/web.whatsapp.com\/send?phone=905324616205&text=Merhaba%2C+bu+%C3%BCr%C3%BCn%C3%BC+sat%C4%B1n+almak+istiyorum+%3B%0D%0A%0D%0A*Kayrak+2*%0A*Fiyat:*%20&#8378;&nbsp;0,00%0A*URL:*%20http%3A%2F%2Fdogaltasmozaik.moodscamper.com%2F%3Fproduct%3Dkayrak-2%0D%0A%0D%0A%C5%9Fimdiden+te%C5%9Fekk%C3%BCr+ederim..\" title=\"Complete order on WhatsApp to buy Kayrak 2\" target=\"_blank\" class=\"button add_to_cart_button wa-shop-button product_type_simple\">\r\n\t\t    \tWhatsapp yolu ile sat\u0131n al\t\t    <\/a>\r\n\t    \t\t\t\n\t<\/div>\n\n<\/div>\n\n\n\n<div class=\" col col-sm-3 post-3088 product type-product status-publish has-post-thumbnail product_cat-kayrak-category-2 last instock shipping-taxable product-type-simple\">\n\n\t<div class=\"product_item_holder\">\n\t\t\n\t\t\t<div class=\"featured_image\"><a href=\"http:\/\/dogaltasmozaik.moodscamper.com\/?product=kayrak-1\" class=\"imgeffect link\"><img src=\"http:\/\/dogaltasmozaik.moodscamper.com\/wp-content\/uploads\/2021\/09\/list_Kayrak-1.jpg\" alt=\"\" class=\"\" \/><\/a><\/div>\n\t\t\t<div class=\"product_info\">\n\t\t\t\t<h5 class=\"clean_heading\"><a href=\"http:\/\/dogaltasmozaik.moodscamper.com\/?product=kayrak-1\">Kayrak 1<\/a><\/h5>\n\n\t\t\t\t<div class=\"product_info_footer clearfix\">\n\t\t\t\t<a href=\"http:\/\/dogaltasmozaik.moodscamper.com\/?product=kayrak-1\" data-quantity=\"1\" class=\"button product_type_simple\" data-product_id=\"3088\" data-product_sku=\"\" aria-label=\"&ldquo;Kayrak 1&rdquo; hakk\u0131nda daha fazla bilgi edinin\" rel=\"nofollow\">Devam\u0131n\u0131 oku<\/a>\t\t\t\t<\/div>\n\n\t\t\t<\/div> \n\t\t\t\t    <a id=\"sendbtn\" href=\"https:\/\/web.whatsapp.com\/send?phone=905324616205&text=Merhaba%2C+bu+%C3%BCr%C3%BCn%C3%BC+sat%C4%B1n+almak+istiyorum+%3B%0D%0A%0D%0A*Kayrak+1*%0A*Fiyat:*%20&#8378;&nbsp;0,00%0A*URL:*%20http%3A%2F%2Fdogaltasmozaik.moodscamper.com%2F%3Fproduct%3Dkayrak-1%0D%0A%0D%0A%C5%9Fimdiden+te%C5%9Fekk%C3%BCr+ederim..\" title=\"Complete order on WhatsApp to buy Kayrak 1\" target=\"_blank\" class=\"button add_to_cart_button wa-shop-button product_type_simple\">\r\n\t\t    \tWhatsapp yolu ile sat\u0131n al\t\t    <\/a>\r\n\t    \t\t\t\n\t<\/div>\n\n<\/div>\n\n\n<\/div><!-- \/ end .row --><div class=\"row clearfix\">\n<div class=\"first last  col col-sm-3 post-3086 product type-product status-publish has-post-thumbnail product_cat-cita-mozaikler product_cat-mozaik-category-1 instock shipping-taxable product-type-simple\">\n\n\t<div class=\"product_item_holder\">\n\t\t\n\t\t\t<div class=\"featured_image\"><a href=\"http:\/\/dogaltasmozaik.moodscamper.com\/?product=light-noche-mix-trv-1\" class=\"imgeffect link\"><img src=\"http:\/\/dogaltasmozaik.moodscamper.com\/wp-content\/uploads\/2021\/09\/list_K-293-LIGHT-NOCHE-MIX-TRV..jpg\" alt=\"\" class=\"\" \/><\/a><\/div>\n\t\t\t<div class=\"product_info\">\n\t\t\t\t<h5 class=\"clean_heading\"><a href=\"http:\/\/dogaltasmozaik.moodscamper.com\/?product=light-noche-mix-trv-1\">LIGHT-NOCHE MIX TRV. (1)<\/a><\/h5>\n\n\t\t\t\t<div class=\"product_info_footer clearfix\">\n\t\t\t\t<a href=\"http:\/\/dogaltasmozaik.moodscamper.com\/?product=light-noche-mix-trv-1\" data-quantity=\"1\" class=\"button product_type_simple\" data-product_id=\"3086\" data-product_sku=\"K-293\" aria-label=\"&ldquo;LIGHT-NOCHE MIX TRV. (1)&rdquo; hakk\u0131nda daha fazla bilgi edinin\" rel=\"nofollow\">Devam\u0131n\u0131 oku<\/a>\t\t\t\t<\/div>\n\n\t\t\t<\/div> \n\t\t\t\t    <a id=\"sendbtn\" href=\"https:\/\/web.whatsapp.com\/send?phone=905324616205&text=Merhaba%2C+bu+%C3%BCr%C3%BCn%C3%BC+sat%C4%B1n+almak+istiyorum+%3B%0D%0A%0D%0A*LIGHT-NOCHE+MIX+TRV.+%281%29*%0A*Fiyat:*%20&#8378;&nbsp;0,00%0A*URL:*%20http%3A%2F%2Fdogaltasmozaik.moodscamper.com%2F%3Fproduct%3Dlight-noche-mix-trv-1%0D%0A%0D%0A%C5%9Fimdiden+te%C5%9Fekk%C3%BCr+ederim..\" title=\"Complete order on WhatsApp to buy LIGHT-NOCHE MIX TRV. (1)\" target=\"_blank\" class=\"button add_to_cart_button wa-shop-button product_type_simple\">\r\n\t\t    \tWhatsapp yolu ile sat\u0131n al\t\t    <\/a>\r\n\t    \t\t\t\n\t<\/div>\n\n<\/div>\n\n\n\n<div class=\" col col-sm-3 post-3084 product type-product status-publish has-post-thumbnail product_cat-mozaik-category-1 product_cat-wing-mozaikler instock shipping-taxable product-type-simple\">\n\n\t<div class=\"product_item_holder\">\n\t\t\n\t\t\t<div class=\"featured_image\"><a href=\"http:\/\/dogaltasmozaik.moodscamper.com\/?product=limestone-noche-mix-2\" class=\"imgeffect link\"><img src=\"http:\/\/dogaltasmozaik.moodscamper.com\/wp-content\/uploads\/2021\/09\/list_K-148-LIMESTONE-NOCHE-MIX.jpg\" alt=\"\" class=\"\" \/><\/a><\/div>\n\t\t\t<div class=\"product_info\">\n\t\t\t\t<h5 class=\"clean_heading\"><a href=\"http:\/\/dogaltasmozaik.moodscamper.com\/?product=limestone-noche-mix-2\">LIMESTONE NOCHE MIX<\/a><\/h5>\n\n\t\t\t\t<div class=\"product_info_footer clearfix\">\n\t\t\t\t<a href=\"http:\/\/dogaltasmozaik.moodscamper.com\/?product=limestone-noche-mix-2\" data-quantity=\"1\" class=\"button product_type_simple\" data-product_id=\"3084\" data-product_sku=\"K-148\" aria-label=\"&ldquo;LIMESTONE NOCHE MIX&rdquo; hakk\u0131nda daha fazla bilgi edinin\" rel=\"nofollow\">Devam\u0131n\u0131 oku<\/a>\t\t\t\t<\/div>\n\n\t\t\t<\/div> \n\t\t\t\t    <a id=\"sendbtn\" href=\"https:\/\/web.whatsapp.com\/send?phone=905324616205&text=Merhaba%2C+bu+%C3%BCr%C3%BCn%C3%BC+sat%C4%B1n+almak+istiyorum+%3B%0D%0A%0D%0A*LIMESTONE+NOCHE+MIX*%0A*Fiyat:*%20&#8378;&nbsp;0,00%0A*URL:*%20http%3A%2F%2Fdogaltasmozaik.moodscamper.com%2F%3Fproduct%3Dlimestone-noche-mix-2%0D%0A%0D%0A%C5%9Fimdiden+te%C5%9Fekk%C3%BCr+ederim..\" title=\"Complete order on WhatsApp to buy LIMESTONE NOCHE MIX\" target=\"_blank\" class=\"button add_to_cart_button wa-shop-button product_type_simple\">\r\n\t\t    \tWhatsapp yolu ile sat\u0131n al\t\t    <\/a>\r\n\t    \t\t\t\n\t<\/div>\n\n<\/div>\n\n\n\n<div class=\" col col-sm-3 post-3082 product type-product status-publish has-post-thumbnail product_cat-mozaik-category-1 product_cat-regular-mozaikler instock shipping-taxable product-type-simple\">\n\n\t<div class=\"product_item_holder\">\n\t\t\n\t\t\t<div class=\"featured_image\"><a href=\"http:\/\/dogaltasmozaik.moodscamper.com\/?product=dark-emperador-light-beige-mix\" class=\"imgeffect link\"><img src=\"http:\/\/dogaltasmozaik.moodscamper.com\/wp-content\/uploads\/2021\/09\/list_K-295-DARK-EMPERADOR-LIGHT-BEIGE-MIX.jpg\" alt=\"\" class=\"\" \/><\/a><\/div>\n\t\t\t<div class=\"product_info\">\n\t\t\t\t<h5 class=\"clean_heading\"><a href=\"http:\/\/dogaltasmozaik.moodscamper.com\/?product=dark-emperador-light-beige-mix\">DARK EMPERADOR-LIGHT BEIGE MIX<\/a><\/h5>\n\n\t\t\t\t<div class=\"product_info_footer clearfix\">\n\t\t\t\t<a href=\"http:\/\/dogaltasmozaik.moodscamper.com\/?product=dark-emperador-light-beige-mix\" data-quantity=\"1\" class=\"button product_type_simple\" data-product_id=\"3082\" data-product_sku=\"K-295\" aria-label=\"&ldquo;DARK EMPERADOR-LIGHT BEIGE MIX&rdquo; hakk\u0131nda daha fazla bilgi edinin\" rel=\"nofollow\">Devam\u0131n\u0131 oku<\/a>\t\t\t\t<\/div>\n\n\t\t\t<\/div> \n\t\t\t\t    <a id=\"sendbtn\" href=\"https:\/\/web.whatsapp.com\/send?phone=905324616205&text=Merhaba%2C+bu+%C3%BCr%C3%BCn%C3%BC+sat%C4%B1n+almak+istiyorum+%3B%0D%0A%0D%0A*DARK+EMPERADOR-LIGHT+BEIGE+MIX*%0A*Fiyat:*%20&#8378;&nbsp;0,00%0A*URL:*%20http%3A%2F%2Fdogaltasmozaik.moodscamper.com%2F%3Fproduct%3Ddark-emperador-light-beige-mix%0D%0A%0D%0A%C5%9Fimdiden+te%C5%9Fekk%C3%BCr+ederim..\" title=\"Complete order on WhatsApp to buy DARK EMPERADOR-LIGHT BEIGE MIX\" target=\"_blank\" class=\"button add_to_cart_button wa-shop-button product_type_simple\">\r\n\t\t    \tWhatsapp yolu ile sat\u0131n al\t\t    <\/a>\r\n\t    \t\t\t\n\t<\/div>\n\n<\/div>\n\n\n\n<div class=\" col col-sm-3 post-3080 product type-product status-publish has-post-thumbnail product_cat-mozaik-category-1 product_cat-yuzey-patlatma-mozaikler last instock shipping-taxable product-type-simple\">\n\n\t<div class=\"product_item_holder\">\n\t\t\n\t\t\t<div class=\"featured_image\"><a href=\"http:\/\/dogaltasmozaik.moodscamper.com\/?product=classic-beige\" class=\"imgeffect link\"><img src=\"http:\/\/dogaltasmozaik.moodscamper.com\/wp-content\/uploads\/2021\/09\/list_K-053-CLASSIC-BEIGE.jpg\" alt=\"\" class=\"\" \/><\/a><\/div>\n\t\t\t<div class=\"product_info\">\n\t\t\t\t<h5 class=\"clean_heading\"><a href=\"http:\/\/dogaltasmozaik.moodscamper.com\/?product=classic-beige\">CLASSIC BEIGE<\/a><\/h5>\n\n\t\t\t\t<div class=\"product_info_footer clearfix\">\n\t\t\t\t<a href=\"http:\/\/dogaltasmozaik.moodscamper.com\/?product=classic-beige\" data-quantity=\"1\" class=\"button product_type_simple\" data-product_id=\"3080\" data-product_sku=\"K-053\" aria-label=\"&ldquo;CLASSIC BEIGE&rdquo; hakk\u0131nda daha fazla bilgi edinin\" rel=\"nofollow\">Devam\u0131n\u0131 oku<\/a>\t\t\t\t<\/div>\n\n\t\t\t<\/div> \n\t\t\t\t    <a id=\"sendbtn\" href=\"https:\/\/web.whatsapp.com\/send?phone=905324616205&text=Merhaba%2C+bu+%C3%BCr%C3%BCn%C3%BC+sat%C4%B1n+almak+istiyorum+%3B%0D%0A%0D%0A*CLASSIC+BEIGE*%0A*Fiyat:*%20&#8378;&nbsp;0,00%0A*URL:*%20http%3A%2F%2Fdogaltasmozaik.moodscamper.com%2F%3Fproduct%3Dclassic-beige%0D%0A%0D%0A%C5%9Fimdiden+te%C5%9Fekk%C3%BCr+ederim..\" title=\"Complete order on WhatsApp to buy CLASSIC BEIGE\" target=\"_blank\" class=\"button add_to_cart_button wa-shop-button product_type_simple\">\r\n\t\t    \tWhatsapp yolu ile sat\u0131n al\t\t    <\/a>\r\n\t    \t\t\t\n\t<\/div>\n\n<\/div>\n\n\n<\/div><!-- \/ end .row --><\/div><!-- \/ end .product_holder --><\/div>[\/vc_column][\/vc_row]<\/p>\n","protected":false},"excerpt":{"rendered":"<p>[vc_row rt_row_background_width=&#8221;default&#8221; rt_row_style=&#8221;default-style&#8221; rt_row_borders=&#8221;&#8221; rt_row_paddings=&#8221;true&#8221; rt_bg_effect=&#8221;classic&#8221; rt_bg_image_repeat=&#8221;repeat&#8221; rt_bg_size=&#8221;cover&#8221; rt_bg_position=&#8221;right top&#8221; rt_bg_attachment=&#8221;scroll&#8221; rt_bg_video_format=&#8221;self-hosted&#8221;][vc_column rt_wrp_col_paddings=&#8221;false&#8221; rt_border_top=&#8221;&#8221; rt_border_bottom=&#8221;&#8221; rt_border_left=&#8221;&#8221; rt_border_right=&#8221;&#8221; rt_border_top_mobile=&#8221;&#8221; rt_border_bottom_mobile=&#8221;&#8221; rt_border_left_mobile=&#8221;&#8221; rt_border_right_mobile=&#8221;&#8221; rt_bg_image_repeat=&#8221;repeat&#8221; rt_bg_size=&#8221;auto auto&#8221; rt_bg_position=&#8221;right top&#8221; rt_bg_attachment=&#8221;scroll&#8221;][\/vc_column][\/vc_row][vc_row rt_row_background_width=&#8221;default&#8221; rt_row_style=&#8221;default-style&#8221; rt_row_borders=&#8221;&#8221; rt_row_paddings=&#8221;true&#8221; rt_bg_effect=&#8221;classic&#8221; rt_bg_image_repeat=&#8221;repeat&#8221; rt_bg_size=&#8221;cover&#8221; rt_bg_position=&#8221;right top&#8221; rt_bg_attachment=&#8221;scroll&#8221; rt_bg_video_format=&#8221;self-hosted&#8221;][vc_column rt_wrp_col_paddings=&#8221;false&#8221; rt_border_top=&#8221;&#8221; rt_border_bottom=&#8221;&#8221; rt_border_left=&#8221;&#8221; rt_border_right=&#8221;&#8221; rt_border_top_mobile=&#8221;&#8221; rt_border_bottom_mobile=&#8221;&#8221; rt_border_left_mobile=&#8221;&#8221; rt_border_right_mobile=&#8221;&#8221; rt_bg_image_repeat=&#8221;repeat&#8221; rt_bg_size=&#8221;auto auto&#8221; rt_bg_position=&#8221;right top&#8221; rt_bg_attachment=&#8221;scroll&#8221;][\/vc_column][\/vc_row]<\/p>\n","protected":false},"author":1,"featured_media":0,"parent":3187,"menu_order":0,"comment_status":"closed","ping_status":"closed","template":"","meta":[],"_links":{"self":[{"href":"http:\/\/dogaltasmozaik.moodscamper.com\/index.php?rest_route=\/wp\/v2\/pages\/3221"}],"collection":[{"href":"http:\/\/dogaltasmozaik.moodscamper.com\/index.php?rest_route=\/wp\/v2\/pages"}],"about":[{"href":"http:\/\/dogaltasmozaik.moodscamper.com\/index.php?rest_route=\/wp\/v2\/types\/page"}],"author":[{"embeddable":true,"href":"http:\/\/dogaltasmozaik.moodscamper.com\/index.php?rest_route=\/wp\/v2\/users\/1"}],"replies":[{"embeddable":true,"href":"http:\/\/dogaltasmozaik.moodscamper.com\/index.php?rest_route=%2Fwp%2Fv2%2Fcomments&post=3221"}],"version-history":[{"count":1,"href":"http:\/\/dogaltasmozaik.moodscamper.com\/index.php?rest_route=\/wp\/v2\/pages\/3221\/revisions"}],"predecessor-version":[{"id":3222,"href":"http:\/\/dogaltasmozaik.moodscamper.com\/index.php?rest_route=\/wp\/v2\/pages\/3221\/revisions\/3222"}],"up":[{"embeddable":true,"href":"http:\/\/dogaltasmozaik.moodscamper.com\/index.php?rest_route=\/wp\/v2\/pages\/3187"}],"wp:attachment":[{"href":"http:\/\/dogaltasmozaik.moodscamper.com\/index.php?rest_route=%2Fwp%2Fv2%2Fmedia&parent=3221"}],"curies":[{"name":"wp","href":"https:\/\/api.w.org\/{rel}","templated":true}]}}