{"id":2433,"date":"2015-02-18T19:09:55","date_gmt":"2015-02-18T19:09:55","guid":{"rendered":"http:\/\/rttheme19.rtthemes.com\/cart\/"},"modified":"2015-02-18T19:09:55","modified_gmt":"2015-02-18T19:09:55","slug":"cart","status":"publish","type":"page","link":"http:\/\/dogaltasmozaik.moodscamper.com\/?page_id=2433","title":{"rendered":"Cart"},"content":{"rendered":"<div class=\"woocommerce\"><div class=\"woocommerce-notices-wrapper\"><\/div><p class=\"cart-empty woocommerce-info\">Sepetiniz \u015fu anda bo\u015f.<\/p>\t<p class=\"return-to-shop\">\n\t\t<a class=\"button wc-backward\" href=\"http:\/\/dogaltasmozaik.moodscamper.com\/?page_id=9\">\n\t\t\tMa\u011fazaya geri d\u00f6n\t\t<\/a>\n\t<\/p>\n<\/div>\n","protected":false},"excerpt":{"rendered":"Sepetiniz \u015fu anda bo\u015f. Ma\u011fazaya geri d\u00f6n","protected":false},"author":1,"featured_media":0,"parent":0,"menu_order":0,"comment_status":"closed","ping_status":"open","template":"","meta":[],"_links":{"self":[{"href":"http:\/\/dogaltasmozaik.moodscamper.com\/index.php?rest_route=\/wp\/v2\/pages\/2433"}],"collection":[{"href":"http:\/\/dogaltasmozaik.moodscamper.com\/index.php?rest_route=\/wp\/v2\/pages"}],"about":[{"href":"http:\/\/dogaltasmozaik.moodscamper.com\/index.php?rest_route=\/wp\/v2\/types\/page"}],"author":[{"embeddable":true,"href":"http:\/\/dogaltasmozaik.moodscamper.com\/index.php?rest_route=\/wp\/v2\/users\/1"}],"replies":[{"embeddable":true,"href":"http:\/\/dogaltasmozaik.moodscamper.com\/index.php?rest_route=%2Fwp%2Fv2%2Fcomments&post=2433"}],"version-history":[{"count":0,"href":"http:\/\/dogaltasmozaik.moodscamper.com\/index.php?rest_route=\/wp\/v2\/pages\/2433\/revisions"}],"wp:attachment":[{"href":"http:\/\/dogaltasmozaik.moodscamper.com\/index.php?rest_route=%2Fwp%2Fv2%2Fmedia&parent=2433"}],"curies":[{"name":"wp","href":"https:\/\/api.w.org\/{rel}","templated":true}]}}